{"id":83,"date":"2017-06-22T11:21:59","date_gmt":"2017-06-22T09:21:59","guid":{"rendered":"http:\/\/hotel-eldosport.eu\/?page_id=83"},"modified":"2017-07-19T11:17:53","modified_gmt":"2017-07-19T09:17:53","slug":"sommer","status":"publish","type":"page","link":"http:\/\/hotel-eldosport.eu\/?page_id=83&lang=de","title":{"rendered":"Freitzeitangebote Sommer"},"content":{"rendered":"<ul>\n<li>attraktive Reiseziele f\u00fcr Liebhaber des H\u00f6hlentourismus<\/li>\n<li>zahlreiche \u00d6ko-Wanderwege verschiedener Schwierigkeitsstufen<\/li>\n<li>Schwimmen, Basketball, Fu\u00dfball, Handball in unmittelbarer N\u00e4he des Hotels in der gro\u00dfen Sporthalle von Dospat<\/li>\n<li>Orientierungslauf: wir bieten OL-Spezialkarten der Umgebung und des Gebietes ,,Schiroka Poljana\u201c<\/li>\n<li>Offroad-Fahrten:<br \/>\n&#8211; zur gr\u00fcnen Grenze zu Griechenland, zu den Aussichtsplattformen ,,Wolfstein\u201c und ,,Adlerauge\u201c, die eine der h\u00f6chst gelegenen auf der Balkanhalbinsel sind<br \/>\n&#8211; zu den Naturschutzgebieten ,,Tschairski Esera\u201c, ,,Pjanata Gora\u201c, ,,Kasanite\u201c, ,,Schabanitsa\u201c u.a.<br \/>\n&#8211; Dabei bietet sich die M\u00f6glichkeit der direkten Beobachtung des h\u00f6chst selten vorkommenden Mauerl\u00e4ufers.<\/li>\n<li style=\"list-style-type: none;\"><\/li>\n<li>Fahrradfahren: Fahrr\u00e4der zum Ausleihen, Fahrten um den See Dospat und im Gebiet ,,Schiroka Poljana\u201c mit Picknick und leckeren rhodopischen Speisen und anderen Nationalgerichten<\/li>\n<li>M\u00f6glichkeiten zum Angeln und zur Jagd<\/li>\n<li>eigene Motorboote<\/li>\n<li>Kanufahren auf dem See ,,Dospat\u201c und den Seen ,,Schiroka Poljana\u201c<\/li>\n<li>atemberaubende Landschaften<\/li>\n<li>Reiten<\/li>\n<li>40 km von Dospat befindet sich ein B\u00e4ren-Museum und ein Fisch-Museum<\/li>\n<li>Mineralb\u00e4der und Spakomplexe in Devin und Ognyanovo, ca. 40-60 Min. Autofahrt vom Hotel<\/li>\n<li>Probieren Sie den authentischen und unvergleichlichen Geschmack des Kr\u00e4utertees ,,Mursal\u201c, Thymiantee, Johanniskrauttee u.a.<\/li>\n<\/ul>\n","protected":false},"excerpt":{"rendered":"<p>attraktive Reiseziele f\u00fcr Liebhaber des H\u00f6hlentourismus zahlreiche \u00d6ko-Wanderwege verschiedener Schwierigkeitsstufen Schwimmen, Basketball, Fu\u00dfball, Handball in unmittelbarer N\u00e4he des Hotels in der gro\u00dfen Sporthalle von Dospat Orientierungslauf: wir bieten OL-Spezialkarten der Umgebung und des Gebietes ,,Schiroka Poljana\u201c Offroad-Fahrten: &#8211; zur gr\u00fcnen Grenze zu Griechenland, zu den Aussichtsplattformen ,,Wolfstein\u201c und ,,Adlerauge\u201c, die eine der h\u00f6chst gelegenen auf &hellip; <\/p>\n<p class=\"link-more\"><a href=\"http:\/\/hotel-eldosport.eu\/?page_id=83&#038;lang=de\" class=\"more-link\"><span class=\"screen-reader-text\">\u201eFreitzeitangebote Sommer\u201c<\/span> weiterlesen<\/a><\/p>\n","protected":false},"author":1,"featured_media":0,"parent":0,"menu_order":0,"comment_status":"closed","ping_status":"closed","template":"","meta":{"ngg_post_thumbnail":0},"_links":{"self":[{"href":"http:\/\/hotel-eldosport.eu\/index.php?rest_route=\/wp\/v2\/pages\/83"}],"collection":[{"href":"http:\/\/hotel-eldosport.eu\/index.php?rest_route=\/wp\/v2\/pages"}],"about":[{"href":"http:\/\/hotel-eldosport.eu\/index.php?rest_route=\/wp\/v2\/types\/page"}],"author":[{"embeddable":true,"href":"http:\/\/hotel-eldosport.eu\/index.php?rest_route=\/wp\/v2\/users\/1"}],"replies":[{"embeddable":true,"href":"http:\/\/hotel-eldosport.eu\/index.php?rest_route=%2Fwp%2Fv2%2Fcomments&post=83"}],"version-history":[{"count":13,"href":"http:\/\/hotel-eldosport.eu\/index.php?rest_route=\/wp\/v2\/pages\/83\/revisions"}],"predecessor-version":[{"id":591,"href":"http:\/\/hotel-eldosport.eu\/index.php?rest_route=\/wp\/v2\/pages\/83\/revisions\/591"}],"wp:attachment":[{"href":"http:\/\/hotel-eldosport.eu\/index.php?rest_route=%2Fwp%2Fv2%2Fmedia&parent=83"}],"curies":[{"name":"wp","href":"https:\/\/api.w.org\/{rel}","templated":true}]}}