{"id":37,"date":"2017-06-10T16:18:33","date_gmt":"2017-06-10T16:18:33","guid":{"rendered":"http:\/\/hotel-eldosport.eu\/?page_id=37"},"modified":"2024-05-13T12:11:18","modified_gmt":"2024-05-13T10:11:18","slug":"unser-hotel-kontakt","status":"publish","type":"page","link":"http:\/\/hotel-eldosport.eu\/?page_id=37&lang=de","title":{"rendered":"Unser Hotel &#038; Kontakt"},"content":{"rendered":"<div class=\"wp-block-image\">\n<figure class=\"aligncenter is-resized\"><a href=\"https:\/\/meter.ac\/gs\/nodes\/N03\/snap.jpg\" target=\"_blank\" rel=\"noreferrer noopener\"><img decoding=\"async\" loading=\"lazy\" src=\"https:\/\/meter.ac\/gs\/nodes\/N03\/snap.jpg\" alt=\"Aktuelle Bilder unserer Hotelkamera\" width=\"480\" height=\"270\"\/><\/a><figcaption class=\"wp-element-caption\">Aktuelle Bilder unserer Hotelkamera<\/figcaption><\/figure><\/div>\n\n<p>Geo-Milev-Str. 15<br>4831 Dospat<br>Tel. +359 878 387184 f\u00fcr Reservierungen auf Bulgarisch von 08.00 &#8211; 17.00 Uhr, ansonsten bitte auch \u00fcber e-mail: <a href=\"mailto:info@hotel-eldosport.eu\">info@hotel-eldosport.eu<\/a><\/p>\n<div style=\"width: 480px;\" class=\"wp-video\"><!--[if lt IE 9]><script>document.createElement('video');<\/script><![endif]-->\n<video class=\"wp-video-shortcode\" id=\"video-37-1\" width=\"480\" height=\"320\" preload=\"metadata\" controls=\"controls\"><source type=\"video\/mp4\" src=\"http:\/\/hotel-eldosport.eu\/wp-content\/uploads\/2017\/12\/Hotel_Eldosport1.mp4?_=1\" \/><a href=\"http:\/\/hotel-eldosport.eu\/wp-content\/uploads\/2017\/12\/Hotel_Eldosport1.mp4\">http:\/\/hotel-eldosport.eu\/wp-content\/uploads\/2017\/12\/Hotel_Eldosport1.mp4<\/a><\/video><\/div>\n<!-- index.php -->\n<div\n\tclass=\"ngg-galleryoverview ngg-ajax-pagination-none\"\n\tid=\"ngg-gallery-6f7d072cb261fe29468053175eb50747-1\">\n\n    \t\t<!-- Thumbnails -->\n\t\t\t\t<div id=\"ngg-image-0\" class=\"ngg-gallery-thumbnail-box\" >\n\t\t\t\t        <div class=\"ngg-gallery-thumbnail\">\n            <a href=\"http:\/\/hotel-eldosport.eu\/wp-content\/gallery\/hotel\/20170510_165156-e1500220209591.jpg\"\n               title=\"\"\n               data-src=\"http:\/\/hotel-eldosport.eu\/wp-content\/gallery\/hotel\/20170510_165156-e1500220209591.jpg\"\n               data-thumbnail=\"http:\/\/hotel-eldosport.eu\/wp-content\/gallery\/hotel\/thumbs\/thumbs_20170510_165156-e1500220209591.jpg\"\n               data-image-id=\"13\"\n               data-title=\"Hotel\"\n               data-description=\"\"\n               data-image-slug=\"20170510_165156-e1500220209591\"\n               class=\"ngg-fancybox\" rel=\"6f7d072cb261fe29468053175eb50747\">\n                <img\n                    title=\"Hotel\"\n                    alt=\"Hotel\"\n                    src=\"http:\/\/hotel-eldosport.eu\/wp-content\/gallery\/hotel\/thumbs\/thumbs_20170510_165156-e1500220209591.jpg\"\n                    width=\"213\"\n                    height=\"160\"\n                    style=\"max-width:100%;\"\n                \/>\n            <\/a>\n        <\/div>\n\t\t\t\t\t\t\t<\/div> \n\t\t\t\n        \n\t\t\t\t<div id=\"ngg-image-1\" class=\"ngg-gallery-thumbnail-box\" >\n\t\t\t\t        <div class=\"ngg-gallery-thumbnail\">\n            <a href=\"http:\/\/hotel-eldosport.eu\/wp-content\/gallery\/hotel\/20170510_164935-e1500223727340.jpg\"\n               title=\"\"\n               data-src=\"http:\/\/hotel-eldosport.eu\/wp-content\/gallery\/hotel\/20170510_164935-e1500223727340.jpg\"\n               data-thumbnail=\"http:\/\/hotel-eldosport.eu\/wp-content\/gallery\/hotel\/thumbs\/thumbs_20170510_164935-e1500223727340.jpg\"\n               data-image-id=\"12\"\n               data-title=\"Hotel\"\n               data-description=\"\"\n               data-image-slug=\"20170510_164935-e1500223727340\"\n               class=\"ngg-fancybox\" rel=\"6f7d072cb261fe29468053175eb50747\">\n                <img\n                    title=\"Hotel\"\n                    alt=\"Hotel\"\n                    src=\"http:\/\/hotel-eldosport.eu\/wp-content\/gallery\/hotel\/thumbs\/thumbs_20170510_164935-e1500223727340.jpg\"\n                    width=\"120\"\n                    height=\"160\"\n                    style=\"max-width:100%;\"\n                \/>\n            <\/a>\n        <\/div>\n\t\t\t\t\t\t\t<\/div> \n\t\t\t\n        \n\t\t\t\t<div id=\"ngg-image-2\" class=\"ngg-gallery-thumbnail-box\" >\n\t\t\t\t        <div class=\"ngg-gallery-thumbnail\">\n            <a href=\"http:\/\/hotel-eldosport.eu\/wp-content\/gallery\/hotel\/DSC_0252.jpg\"\n               title=\"\"\n               data-src=\"http:\/\/hotel-eldosport.eu\/wp-content\/gallery\/hotel\/DSC_0252.jpg\"\n               data-thumbnail=\"http:\/\/hotel-eldosport.eu\/wp-content\/gallery\/hotel\/thumbs\/thumbs_DSC_0252.jpg\"\n               data-image-id=\"9\"\n               data-title=\"Hotel\"\n               data-description=\"\"\n               data-image-slug=\"dsc_0252\"\n               class=\"ngg-fancybox\" rel=\"6f7d072cb261fe29468053175eb50747\">\n                <img\n                    title=\"Hotel\"\n                    alt=\"Hotel\"\n                    src=\"http:\/\/hotel-eldosport.eu\/wp-content\/gallery\/hotel\/thumbs\/thumbs_DSC_0252.jpg\"\n                    width=\"106\"\n                    height=\"160\"\n                    style=\"max-width:100%;\"\n                \/>\n            <\/a>\n        <\/div>\n\t\t\t\t\t\t\t<\/div> \n\t\t\t\n        \n\t\t\t\t<div id=\"ngg-image-3\" class=\"ngg-gallery-thumbnail-box\" >\n\t\t\t\t        <div class=\"ngg-gallery-thumbnail\">\n            <a href=\"http:\/\/hotel-eldosport.eu\/wp-content\/gallery\/hotel\/DSC_0310.jpg\"\n               title=\"\"\n               data-src=\"http:\/\/hotel-eldosport.eu\/wp-content\/gallery\/hotel\/DSC_0310.jpg\"\n               data-thumbnail=\"http:\/\/hotel-eldosport.eu\/wp-content\/gallery\/hotel\/thumbs\/thumbs_DSC_0310.jpg\"\n               data-image-id=\"7\"\n               data-title=\"Hotel\"\n               data-description=\"\"\n               data-image-slug=\"dsc_0310\"\n               class=\"ngg-fancybox\" rel=\"6f7d072cb261fe29468053175eb50747\">\n                <img\n                    title=\"Hotel\"\n                    alt=\"Hotel\"\n                    src=\"http:\/\/hotel-eldosport.eu\/wp-content\/gallery\/hotel\/thumbs\/thumbs_DSC_0310.jpg\"\n                    width=\"240\"\n                    height=\"160\"\n                    style=\"max-width:100%;\"\n                \/>\n            <\/a>\n        <\/div>\n\t\t\t\t\t\t\t<\/div> \n\t\t\t\n        \n\t\t\t\t<div id=\"ngg-image-4\" class=\"ngg-gallery-thumbnail-box\" >\n\t\t\t\t        <div class=\"ngg-gallery-thumbnail\">\n            <a href=\"http:\/\/hotel-eldosport.eu\/wp-content\/gallery\/hotel\/DSC_0196.jpg\"\n               title=\"\"\n               data-src=\"http:\/\/hotel-eldosport.eu\/wp-content\/gallery\/hotel\/DSC_0196.jpg\"\n               data-thumbnail=\"http:\/\/hotel-eldosport.eu\/wp-content\/gallery\/hotel\/thumbs\/thumbs_DSC_0196.jpg\"\n               data-image-id=\"14\"\n               data-title=\"Hotel\"\n               data-description=\"\"\n               data-image-slug=\"dsc_0196\"\n               class=\"ngg-fancybox\" rel=\"6f7d072cb261fe29468053175eb50747\">\n                <img\n                    title=\"Hotel\"\n                    alt=\"Hotel\"\n                    src=\"http:\/\/hotel-eldosport.eu\/wp-content\/gallery\/hotel\/thumbs\/thumbs_DSC_0196.jpg\"\n                    width=\"240\"\n                    height=\"160\"\n                    style=\"max-width:100%;\"\n                \/>\n            <\/a>\n        <\/div>\n\t\t\t\t\t\t\t<\/div> \n\t\t\t\n        \n\t\t\t\t<div id=\"ngg-image-5\" class=\"ngg-gallery-thumbnail-box\" >\n\t\t\t\t        <div class=\"ngg-gallery-thumbnail\">\n            <a href=\"http:\/\/hotel-eldosport.eu\/wp-content\/gallery\/hotel\/DSC_0578.jpg\"\n               title=\"\"\n               data-src=\"http:\/\/hotel-eldosport.eu\/wp-content\/gallery\/hotel\/DSC_0578.jpg\"\n               data-thumbnail=\"http:\/\/hotel-eldosport.eu\/wp-content\/gallery\/hotel\/thumbs\/thumbs_DSC_0578.jpg\"\n               data-image-id=\"11\"\n               data-title=\"Hotel\"\n               data-description=\"\"\n               data-image-slug=\"dsc_0578\"\n               class=\"ngg-fancybox\" rel=\"6f7d072cb261fe29468053175eb50747\">\n                <img\n                    title=\"Hotel\"\n                    alt=\"Hotel\"\n                    src=\"http:\/\/hotel-eldosport.eu\/wp-content\/gallery\/hotel\/thumbs\/thumbs_DSC_0578.jpg\"\n                    width=\"240\"\n                    height=\"160\"\n                    style=\"max-width:100%;\"\n                \/>\n            <\/a>\n        <\/div>\n\t\t\t\t\t\t\t<\/div> \n\t\t\t\n        \n\t\t\t\t<div id=\"ngg-image-6\" class=\"ngg-gallery-thumbnail-box\" >\n\t\t\t\t        <div class=\"ngg-gallery-thumbnail\">\n            <a href=\"http:\/\/hotel-eldosport.eu\/wp-content\/gallery\/hotel\/DSC_0569_kl.jpg\"\n               title=\"\"\n               data-src=\"http:\/\/hotel-eldosport.eu\/wp-content\/gallery\/hotel\/DSC_0569_kl.jpg\"\n               data-thumbnail=\"http:\/\/hotel-eldosport.eu\/wp-content\/gallery\/hotel\/thumbs\/thumbs_DSC_0569_kl.jpg\"\n               data-image-id=\"10\"\n               data-title=\"Hotel\"\n               data-description=\"\"\n               data-image-slug=\"dsc_0569_kl\"\n               class=\"ngg-fancybox\" rel=\"6f7d072cb261fe29468053175eb50747\">\n                <img\n                    title=\"Hotel\"\n                    alt=\"Hotel\"\n                    src=\"http:\/\/hotel-eldosport.eu\/wp-content\/gallery\/hotel\/thumbs\/thumbs_DSC_0569_kl.jpg\"\n                    width=\"240\"\n                    height=\"160\"\n                    style=\"max-width:100%;\"\n                \/>\n            <\/a>\n        <\/div>\n\t\t\t\t\t\t\t<\/div> \n\t\t\t\n        \n\t\t\t\t<div id=\"ngg-image-7\" class=\"ngg-gallery-thumbnail-box\" >\n\t\t\t\t        <div class=\"ngg-gallery-thumbnail\">\n            <a href=\"http:\/\/hotel-eldosport.eu\/wp-content\/gallery\/hotel\/DSC_0285.jpg\"\n               title=\"\"\n               data-src=\"http:\/\/hotel-eldosport.eu\/wp-content\/gallery\/hotel\/DSC_0285.jpg\"\n               data-thumbnail=\"http:\/\/hotel-eldosport.eu\/wp-content\/gallery\/hotel\/thumbs\/thumbs_DSC_0285.jpg\"\n               data-image-id=\"6\"\n               data-title=\"Hotel\"\n               data-description=\"\"\n               data-image-slug=\"dsc_0285\"\n               class=\"ngg-fancybox\" rel=\"6f7d072cb261fe29468053175eb50747\">\n                <img\n                    title=\"Hotel\"\n                    alt=\"Hotel\"\n                    src=\"http:\/\/hotel-eldosport.eu\/wp-content\/gallery\/hotel\/thumbs\/thumbs_DSC_0285.jpg\"\n                    width=\"106\"\n                    height=\"160\"\n                    style=\"max-width:100%;\"\n                \/>\n            <\/a>\n        <\/div>\n\t\t\t\t\t\t\t<\/div> \n\t\t\t\n        \n\t\t\t\t<div id=\"ngg-image-8\" class=\"ngg-gallery-thumbnail-box\" >\n\t\t\t\t        <div class=\"ngg-gallery-thumbnail\">\n            <a href=\"http:\/\/hotel-eldosport.eu\/wp-content\/gallery\/hotel\/Hotel001.jpg\"\n               title=\"\"\n               data-src=\"http:\/\/hotel-eldosport.eu\/wp-content\/gallery\/hotel\/Hotel001.jpg\"\n               data-thumbnail=\"http:\/\/hotel-eldosport.eu\/wp-content\/gallery\/hotel\/thumbs\/thumbs_Hotel001.jpg\"\n               data-image-id=\"8\"\n               data-title=\"Hotel\"\n               data-description=\"\"\n               data-image-slug=\"hotel001\"\n               class=\"ngg-fancybox\" rel=\"6f7d072cb261fe29468053175eb50747\">\n                <img\n                    title=\"Hotel\"\n                    alt=\"Hotel\"\n                    src=\"http:\/\/hotel-eldosport.eu\/wp-content\/gallery\/hotel\/thumbs\/thumbs_Hotel001.jpg\"\n                    width=\"90\"\n                    height=\"160\"\n                    style=\"max-width:100%;\"\n                \/>\n            <\/a>\n        <\/div>\n\t\t\t\t\t\t\t<\/div> \n\t\t\t\n        \n\t\t\n\t\t<!-- Pagination -->\n\t<div class='ngg-clear'><\/div>\t<\/div>\n\n<p>&nbsp;<\/p>\n<ul>\n<li>Anfahrt von Plovdiv \u00fcber Peshtera &#8211; Batak im Sommer in ca. 2 Stunden<\/li>\n<li>Anfahrt von Sofia \u00fcber Septembri &#8211; Varvara &#8211; Rakitovo im Sommer in ca. 3 Stunden<\/li>\n<\/ul>\n<p><iframe loading=\"lazy\" style=\"border: 0;\" src=\"https:\/\/www.google.com\/maps\/embed?pb=!1m18!1m12!1m3!1d1772.6502732617896!2d24.15740583269181!3d41.650761140055565!2m3!1f0!2f0!3f0!3m2!1i1024!2i768!4f13.1!3m3!1m2!1s0x14ac786da07bac45%3A0x52192ee98d1b9d66!2sEldo+hotel+Sport+%2F+hotel+ELDO+Sport!5e0!3m2!1sde!2sde!4v1497447090289\" width=\"600\" height=\"450\" frameborder=\"0\" allowfullscreen=\"allowfullscreen\"><\/iframe><\/p>\n<div class=\"c pg-1x1 pg-1y1 pg-1w0 pg-1h2\">\n<h2><strong>Herzlich willkommen im Hotel &#8222;Eldosport&#8220;<\/strong><\/h2>\n<p>\u25ba<span class=\"pg-1ff2\">Das Hotel im Nordosten der Stadt Dospat ist direkt am Waldrand neu<\/span>erbaut und zeichnet sich mit einer fantastischen Aussicht \u00fcber dieUmgebung und einem der gr\u00f6\u00dften Seen Bulgariens ,,Dospat\u201c aus.<br>\u25baDospat als h\u00f6chst gelegene Stadt in Bulgarien befindet sich in S\u00fcdbulgarien in den Rhodopen in einer H\u00f6he von 1358 Metern \u00fcber dem Meeresspiegel.<br><u><\/u><\/p>\n<p><u>Das Hotel &#8222;Eldosport bietet: <\/u><br>\u25bagro\u00dfes Foyer mit k\u00fcnstlerischem Ambiente<br>\u25baRestaurant mit Terrasse f\u00fcr 50 Personen &#8211; angenehme und entspannende Atmosph\u00e4re mit Hausmannskost und Gem\u00fctlichkeit am gro\u00dfen Kamin (\u00d6ffnungszeiten: von 08.00 &#8211; 10.00 Uhr und 18.00 &#8211; 23.00 Uhr oder auf Anfrage)<br>\u25baSPA und Fitnesszentrum mit Sauna, Jacoussi und zahlreichen Fitnessger\u00e4ten, inkl. Tischtennisplatte (bei Nachfrage geben Bezahlung)<br>\u25baFahrstuhl<br>\u25baParkplatz<br>\u25baWLAN-Zugang<br>\u25bazahlreiche Freizeitaktivit\u00e4ten zu jeder Jahreszeit<br>\u25baGenie\u00dfen Sie Ihren Aufenthalt in wundersch\u00f6ner Natur mit klarer Gebirgsluft.<\/p>\n<div class=\"c pg-1x1 pg-1y1 pg-1w0 pg-1h2\">\n<div class=\"t pg-1m0 pg-1x3 pg-1h6 pg-1y1c pg-1ff3 pg-1fs2 pg-1fc1 pg-1sc0 pg-1ls0 pg-1ws0\" style=\"text-align: center;\">&nbsp;<\/div>\n<\/div>\n<\/div>","protected":false},"excerpt":{"rendered":"<p>Geo-Milev-Str. 154831 DospatTel. +359 878 387184 f\u00fcr Reservierungen auf Bulgarisch von 08.00 &#8211; 17.00 Uhr, ansonsten bitte auch \u00fcber e-mail: info@hotel-eldosport.eu &#8220; order_by=&#8220;sortorder&#8220; order_direction=&#8220;ASC&#8220; returns=&#8220;included&#8220; maximum_entity_count=&#8220;500&#8243;] &nbsp; Anfahrt von Plovdiv \u00fcber Peshtera &#8211; Batak im Sommer in ca. 2 Stunden Anfahrt von Sofia \u00fcber Septembri &#8211; Varvara &#8211; Rakitovo im Sommer in ca. 3 Stunden &hellip; <\/p>\n<p class=\"link-more\"><a href=\"http:\/\/hotel-eldosport.eu\/?page_id=37&#038;lang=de\" class=\"more-link\"><span class=\"screen-reader-text\">\u201eUnser Hotel &#038; Kontakt\u201c<\/span> weiterlesen<\/a><\/p>\n","protected":false},"author":1,"featured_media":0,"parent":0,"menu_order":0,"comment_status":"closed","ping_status":"closed","template":"","meta":{"ngg_post_thumbnail":0},"_links":{"self":[{"href":"http:\/\/hotel-eldosport.eu\/index.php?rest_route=\/wp\/v2\/pages\/37"}],"collection":[{"href":"http:\/\/hotel-eldosport.eu\/index.php?rest_route=\/wp\/v2\/pages"}],"about":[{"href":"http:\/\/hotel-eldosport.eu\/index.php?rest_route=\/wp\/v2\/types\/page"}],"author":[{"embeddable":true,"href":"http:\/\/hotel-eldosport.eu\/index.php?rest_route=\/wp\/v2\/users\/1"}],"replies":[{"embeddable":true,"href":"http:\/\/hotel-eldosport.eu\/index.php?rest_route=%2Fwp%2Fv2%2Fcomments&post=37"}],"version-history":[{"count":78,"href":"http:\/\/hotel-eldosport.eu\/index.php?rest_route=\/wp\/v2\/pages\/37\/revisions"}],"predecessor-version":[{"id":1650,"href":"http:\/\/hotel-eldosport.eu\/index.php?rest_route=\/wp\/v2\/pages\/37\/revisions\/1650"}],"wp:attachment":[{"href":"http:\/\/hotel-eldosport.eu\/index.php?rest_route=%2Fwp%2Fv2%2Fmedia&parent=37"}],"curies":[{"name":"wp","href":"https:\/\/api.w.org\/{rel}","templated":true}]}}